{"id":325,"date":"2026-03-04T09:30:49","date_gmt":"2026-03-04T09:30:49","guid":{"rendered":"https:\/\/redaccionjuvenil.es\/?page_id=325"},"modified":"2026-03-12T08:58:45","modified_gmt":"2026-03-12T08:58:45","slug":"movimiento-scout-catolico-msc-scouts","status":"publish","type":"page","link":"https:\/\/redaccionjuvenil.es\/?page_id=325","title":{"rendered":"Movimiento Scout Cat\u00f3lico (MSC Scouts)"},"content":{"rendered":"\n<p>MSC Scouts es una organizaci\u00f3n dedicada al escultismo cat\u00f3lico que busca en la infancia y juventud ser los protagonistas de su propio desarrollo y que busca, a trav\u00e9s del compromiso, el entorno, la sociedad y el desarrollo sostenible, construir un mundo mejor.<\/p>\n\n\n\n<p>Las actividades que se realizan dentro de la agrupaci\u00f3n son una opci\u00f3n saludable, y al fomentar la participaci\u00f3n y la capacidad de tomar decisiones entre ni\u00f1os, ni\u00f1as y j\u00f3venes para conseguir que se efect\u00faen las expectativas, y contribuyendo gracias a los monitores, los valores que son positivos en su positivo en su proceso de crecimiento personal.<\/p>\n\n\n\n<p>La organizaci\u00f3n est\u00e1 vinculada al escultismo es una propuesta atractiva, creativa y din\u00e1mica para j\u00f3venes que deciden ser educadores, voluntario aportando experiencia y creatividad para desarrollar el proyecto con ni\u00f1os, ni\u00f1as y j\u00f3venes de su barrio y ciudad.<\/p>\n\n\n\n<figure class=\"wp-block-gallery has-nested-images columns-default is-cropped wp-block-gallery-1 is-layout-flex wp-block-gallery-is-layout-flex\">\n<figure class=\"wp-block-image size-large\"><img loading=\"lazy\" decoding=\"async\" width=\"429\" height=\"420\" data-id=\"446\" src=\"https:\/\/redaccionjuvenil.es\/wp-content\/uploads\/2026\/03\/scouts-2-1.png\" alt=\"\" class=\"wp-image-446\" srcset=\"https:\/\/redaccionjuvenil.es\/wp-content\/uploads\/2026\/03\/scouts-2-1.png 429w, https:\/\/redaccionjuvenil.es\/wp-content\/uploads\/2026\/03\/scouts-2-1-300x294.png 300w\" sizes=\"auto, (max-width: 429px) 100vw, 429px\" \/><\/figure>\n\n\n\n<figure class=\"wp-block-image size-large\"><img loading=\"lazy\" decoding=\"async\" width=\"545\" height=\"361\" data-id=\"445\" src=\"https:\/\/redaccionjuvenil.es\/wp-content\/uploads\/2026\/03\/scouts-1-1.png\" alt=\"\" class=\"wp-image-445\" srcset=\"https:\/\/redaccionjuvenil.es\/wp-content\/uploads\/2026\/03\/scouts-1-1.png 545w, https:\/\/redaccionjuvenil.es\/wp-content\/uploads\/2026\/03\/scouts-1-1-300x200.png 300w\" sizes=\"auto, (max-width: 545px) 100vw, 545px\" \/><\/figure>\n<\/figure>\n\n\n\n<div class=\"wp-block-columns is-layout-flex wp-container-core-columns-is-layout-9d6595d7 wp-block-columns-is-layout-flex\">\n<div class=\"wp-block-column is-layout-flow wp-block-column-is-layout-flow\">\n<h2 class=\"wp-block-heading\">Contacto:<\/h2>\n\n\n\n<div class=\"wp-block-columns is-layout-flex wp-container-core-columns-is-layout-9d6595d7 wp-block-columns-is-layout-flex\">\n<div class=\"wp-block-column is-layout-flow wp-block-column-is-layout-flow\">\n<p><strong>Valladolid <\/strong>(C. Sim\u00f3n Aranda, 13, 2\u00ba 4\u00aa<br>47002 Valladolid)<\/p>\n\n\n\n<ul class=\"wp-block-list\">\n<li><a href=\"https:\/\/scoutsvalladolid.org\/\">Web<\/a><\/li>\n\n\n\n<li><a href=\"https:\/\/www.instagram.com\/scoutsvalladolid\/\">Instagram<\/a><\/li>\n\n\n\n<li><a href=\"mailto:Comunicacion@scoutscyl.es\" target=\"_blank\" rel=\"noreferrer noopener\">Comunicacion@scoutscyl.es<\/a>&nbsp;<\/li>\n\n\n\n<li>668580240<\/li>\n<\/ul>\n<\/div>\n\n\n\n<div class=\"wp-block-column is-layout-flow wp-block-column-is-layout-flow\">\n<p><strong>Castilla y Le\u00f3n<\/strong> (Calle Gonz\u00e1lez Due\u00f1as n\u00ba1&nbsp; 47010, Valladolid)<\/p>\n\n\n\n<ul class=\"wp-block-list\">\n<li><a href=\"https:\/\/www.instagram.com\/scoutsvalladolid\/\">Instagram<\/a><\/li>\n\n\n\n<li><a href=\"https:\/\/www.facebook.com\/scoutscyl\/?locale=es_ES\">Facebook<\/a><\/li>\n\n\n\n<li><a href=\"https:\/\/scoutscyl.org\/\">Web<\/a><\/li>\n<\/ul>\n<\/div>\n<\/div>\n\n\n\n<hr class=\"wp-block-separator has-alpha-channel-opacity\"\/>\n\n\n\n<h2 class=\"wp-block-heading\">\u00daltimas noticias<\/h2>\n<\/div>\n<\/div>\n\n\n<ul class=\"wp-block-latest-posts__list is-grid columns-3 has-link-color wp-elements-533bce5d394263c5c0184ec8c7df8726 wp-block-latest-posts has-text-color has-black-color has-background has-white-background-color\"><li><div class=\"wp-block-latest-posts__featured-image aligncenter\"><img loading=\"lazy\" decoding=\"async\" width=\"601\" height=\"395\" src=\"https:\/\/redaccionjuvenil.es\/wp-content\/uploads\/2026\/04\/Vountariado-Scout-programa-voluntariado.webp\" class=\"attachment-large size-large wp-post-image\" alt=\"\" style=\"\" srcset=\"https:\/\/redaccionjuvenil.es\/wp-content\/uploads\/2026\/04\/Vountariado-Scout-programa-voluntariado.webp 601w, https:\/\/redaccionjuvenil.es\/wp-content\/uploads\/2026\/04\/Vountariado-Scout-programa-voluntariado-300x197.webp 300w\" sizes=\"auto, (max-width: 601px) 100vw, 601px\" \/><\/div><a class=\"wp-block-latest-posts__post-title\" href=\"https:\/\/redaccionjuvenil.es\/?p=863\">El \u00e9xito del voluntariado juvenil en Castilla y Le\u00f3n<\/a><div class=\"wp-block-latest-posts__post-excerpt\">El Programa Oficial El programa de Voluntariado Joven de CyL es un proyecto de la Junta de CyL y est\u00e1&#8230;<\/div><\/li>\n<li><div class=\"wp-block-latest-posts__featured-image aligncenter\"><img loading=\"lazy\" decoding=\"async\" width=\"601\" height=\"395\" src=\"https:\/\/redaccionjuvenil.es\/wp-content\/uploads\/2026\/03\/Programa-de-Jovenes-Scouts-1.webp\" class=\"attachment-large size-large wp-post-image\" alt=\"\" style=\"\" srcset=\"https:\/\/redaccionjuvenil.es\/wp-content\/uploads\/2026\/03\/Programa-de-Jovenes-Scouts-1.webp 601w, https:\/\/redaccionjuvenil.es\/wp-content\/uploads\/2026\/03\/Programa-de-Jovenes-Scouts-1-300x197.webp 300w\" sizes=\"auto, (max-width: 601px) 100vw, 601px\" \/><\/div><a class=\"wp-block-latest-posts__post-title\" href=\"https:\/\/redaccionjuvenil.es\/?p=714\">MSC Scouts de Castilla y Le\u00f3n lanza su Programa de J\u00f3venes basado en \u201caprender haciendo\u201d<\/a><div class=\"wp-block-latest-posts__post-excerpt\">La organizaci\u00f3n MSC Scouts de Castilla y Le\u00f3n presenta una propuesta de programa en la que se pretende educar y&#8230;<\/div><\/li>\n<li><div class=\"wp-block-latest-posts__featured-image aligncenter\"><img loading=\"lazy\" decoding=\"async\" width=\"640\" height=\"461\" src=\"https:\/\/redaccionjuvenil.es\/wp-content\/uploads\/2026\/03\/SCOUTS-2026-foto-2-1024x737-1.jpeg\" class=\"attachment-large size-large wp-post-image\" alt=\"\" style=\"\" srcset=\"https:\/\/redaccionjuvenil.es\/wp-content\/uploads\/2026\/03\/SCOUTS-2026-foto-2-1024x737-1.jpeg 1024w, https:\/\/redaccionjuvenil.es\/wp-content\/uploads\/2026\/03\/SCOUTS-2026-foto-2-1024x737-1-300x216.jpeg 300w, https:\/\/redaccionjuvenil.es\/wp-content\/uploads\/2026\/03\/SCOUTS-2026-foto-2-1024x737-1-768x553.jpeg 768w\" sizes=\"auto, (max-width: 640px) 100vw, 640px\" \/><\/div><a class=\"wp-block-latest-posts__post-title\" href=\"https:\/\/redaccionjuvenil.es\/?p=623\">SEGOVIA ACOGE LA 37\u00ba ASAMBLEA GENENRAL DE SCOUTS MSC\u00a0<\/a><div class=\"wp-block-latest-posts__post-excerpt\">Diferentes monitores y miembros de Scouts MSC Castilla y Le\u00f3n se reunieron en Segovia para la celebraci\u00f3n de la Asamblea&#8230;<\/div><\/li>\n<li><div class=\"wp-block-latest-posts__featured-image aligncenter\"><img loading=\"lazy\" decoding=\"async\" width=\"601\" height=\"395\" src=\"https:\/\/redaccionjuvenil.es\/wp-content\/uploads\/2026\/03\/scouts-cyl-escuela-de-animacion-juvenil-1-1.webp\" class=\"attachment-large size-large wp-post-image\" alt=\"\" style=\"\" srcset=\"https:\/\/redaccionjuvenil.es\/wp-content\/uploads\/2026\/03\/scouts-cyl-escuela-de-animacion-juvenil-1-1.webp 601w, https:\/\/redaccionjuvenil.es\/wp-content\/uploads\/2026\/03\/scouts-cyl-escuela-de-animacion-juvenil-1-1-300x197.webp 300w\" sizes=\"auto, (max-width: 601px) 100vw, 601px\" \/><\/div><a class=\"wp-block-latest-posts__post-title\" href=\"https:\/\/redaccionjuvenil.es\/?p=599\">Ni comunicadores ni influencers: los perfiles juveniles que la tecnolog\u00eda no est\u00e1 transformando<\/a><div class=\"wp-block-latest-posts__post-excerpt\">Con la llegada de las nuevas tecnolog\u00edas y el desarrollo tan avanzado de las redes sociales, no sorprende el decir&#8230;<\/div><\/li>\n<li><div class=\"wp-block-latest-posts__featured-image aligncenter\"><img loading=\"lazy\" decoding=\"async\" width=\"601\" height=\"395\" src=\"https:\/\/redaccionjuvenil.es\/wp-content\/uploads\/2026\/03\/entorno-seguro-scouts-cyl.webp\" class=\"attachment-large size-large wp-post-image\" alt=\"\" style=\"\" srcset=\"https:\/\/redaccionjuvenil.es\/wp-content\/uploads\/2026\/03\/entorno-seguro-scouts-cyl.webp 601w, https:\/\/redaccionjuvenil.es\/wp-content\/uploads\/2026\/03\/entorno-seguro-scouts-cyl-300x197.webp 300w\" sizes=\"auto, (max-width: 601px) 100vw, 601px\" \/><\/div><a class=\"wp-block-latest-posts__post-title\" href=\"https:\/\/redaccionjuvenil.es\/?p=532\">Seguridad y protecci\u00f3n en MSC Scouts<\/a><div class=\"wp-block-latest-posts__post-excerpt\">La violencia en j\u00f3venes es la que sucede entre personas de 10 a 29 a\u00f1os, que no son parientes y&#8230;<\/div><\/li>\n<\/ul>","protected":false},"excerpt":{"rendered":"<p>MSC Scouts es una organizaci\u00f3n dedicada al escultismo cat\u00f3lico que busca en la infancia y juventud ser los protagonistas de su propio desarrollo y que busca, a trav\u00e9s del compromiso,&#8230;<\/p>\n","protected":false},"author":1,"featured_media":0,"parent":0,"menu_order":0,"comment_status":"closed","ping_status":"closed","template":"","meta":{"_kadence_starter_templates_imported_post":false,"footnotes":""},"class_list":["post-325","page","type-page","status-publish","hentry"],"yoast_head":"<!-- This site is optimized with the Yoast SEO plugin v27.1.1 - https:\/\/yoast.com\/product\/yoast-seo-wordpress\/ -->\n<title>Movimiento Scout Cat\u00f3lico (MSC Scouts) - RED-ACCI\u00d3N JUVENIL<\/title>\n<meta name=\"robots\" content=\"index, follow, max-snippet:-1, max-image-preview:large, max-video-preview:-1\" \/>\n<link rel=\"canonical\" href=\"https:\/\/redaccionjuvenil.es\/?page_id=325\" \/>\n<meta property=\"og:locale\" content=\"es_ES\" \/>\n<meta property=\"og:type\" content=\"article\" \/>\n<meta property=\"og:title\" content=\"Movimiento Scout Cat\u00f3lico (MSC Scouts) - RED-ACCI\u00d3N JUVENIL\" \/>\n<meta property=\"og:description\" content=\"MSC Scouts es una organizaci\u00f3n dedicada al escultismo cat\u00f3lico que busca en la infancia y juventud ser los protagonistas de su propio desarrollo y que busca, a trav\u00e9s del compromiso,...\" \/>\n<meta property=\"og:url\" content=\"https:\/\/redaccionjuvenil.es\/?page_id=325\" \/>\n<meta property=\"og:site_name\" content=\"RED-ACCI\u00d3N JUVENIL\" \/>\n<meta property=\"article:modified_time\" content=\"2026-03-12T08:58:45+00:00\" \/>\n<meta property=\"og:image\" content=\"https:\/\/redaccionjuvenil.es\/wp-content\/uploads\/2026\/03\/scouts-2-1.png\" \/>\n\t<meta property=\"og:image:width\" content=\"429\" \/>\n\t<meta property=\"og:image:height\" content=\"420\" \/>\n\t<meta property=\"og:image:type\" content=\"image\/png\" \/>\n<meta name=\"twitter:card\" content=\"summary_large_image\" \/>\n<meta name=\"twitter:label1\" content=\"Tiempo de lectura\" \/>\n\t<meta name=\"twitter:data1\" content=\"2 minutos\" \/>\n<script type=\"application\/ld+json\" class=\"yoast-schema-graph\">{\"@context\":\"https:\/\/schema.org\",\"@graph\":[{\"@type\":\"WebPage\",\"@id\":\"https:\/\/redaccionjuvenil.es\/?page_id=325\",\"url\":\"https:\/\/redaccionjuvenil.es\/?page_id=325\",\"name\":\"Movimiento Scout Cat\u00f3lico (MSC Scouts) - RED-ACCI\u00d3N JUVENIL\",\"isPartOf\":{\"@id\":\"https:\/\/redaccionjuvenil.es\/#website\"},\"primaryImageOfPage\":{\"@id\":\"https:\/\/redaccionjuvenil.es\/?page_id=325#primaryimage\"},\"image\":{\"@id\":\"https:\/\/redaccionjuvenil.es\/?page_id=325#primaryimage\"},\"thumbnailUrl\":\"https:\/\/redaccionjuvenil.es\/wp-content\/uploads\/2026\/03\/scouts-2-1.png\",\"datePublished\":\"2026-03-04T09:30:49+00:00\",\"dateModified\":\"2026-03-12T08:58:45+00:00\",\"breadcrumb\":{\"@id\":\"https:\/\/redaccionjuvenil.es\/?page_id=325#breadcrumb\"},\"inLanguage\":\"es\",\"potentialAction\":[{\"@type\":\"ReadAction\",\"target\":[\"https:\/\/redaccionjuvenil.es\/?page_id=325\"]}]},{\"@type\":\"ImageObject\",\"inLanguage\":\"es\",\"@id\":\"https:\/\/redaccionjuvenil.es\/?page_id=325#primaryimage\",\"url\":\"https:\/\/redaccionjuvenil.es\/wp-content\/uploads\/2026\/03\/scouts-2-1.png\",\"contentUrl\":\"https:\/\/redaccionjuvenil.es\/wp-content\/uploads\/2026\/03\/scouts-2-1.png\",\"width\":429,\"height\":420},{\"@type\":\"BreadcrumbList\",\"@id\":\"https:\/\/redaccionjuvenil.es\/?page_id=325#breadcrumb\",\"itemListElement\":[{\"@type\":\"ListItem\",\"position\":1,\"name\":\"Portada\",\"item\":\"https:\/\/redaccionjuvenil.es\/\"},{\"@type\":\"ListItem\",\"position\":2,\"name\":\"Movimiento Scout Cat\u00f3lico (MSC Scouts)\"}]},{\"@type\":\"WebSite\",\"@id\":\"https:\/\/redaccionjuvenil.es\/#website\",\"url\":\"https:\/\/redaccionjuvenil.es\/\",\"name\":\"RED-ACCI\u00d3N JUVENIL\",\"description\":\"DONDE LA JUVENTUD INFORMA Y TRANSFORMA\",\"publisher\":{\"@id\":\"https:\/\/redaccionjuvenil.es\/#organization\"},\"potentialAction\":[{\"@type\":\"SearchAction\",\"target\":{\"@type\":\"EntryPoint\",\"urlTemplate\":\"https:\/\/redaccionjuvenil.es\/?s={search_term_string}\"},\"query-input\":{\"@type\":\"PropertyValueSpecification\",\"valueRequired\":true,\"valueName\":\"search_term_string\"}}],\"inLanguage\":\"es\"},{\"@type\":\"Organization\",\"@id\":\"https:\/\/redaccionjuvenil.es\/#organization\",\"name\":\"RED-ACCI\u00d3N JUVENIL\",\"url\":\"https:\/\/redaccionjuvenil.es\/\",\"logo\":{\"@type\":\"ImageObject\",\"inLanguage\":\"es\",\"@id\":\"https:\/\/redaccionjuvenil.es\/#\/schema\/logo\/image\/\",\"url\":\"https:\/\/redaccionjuvenil.es\/wp-content\/uploads\/2026\/03\/cropped-cropped-logo_redaccion_juvenil_primer_propuesta-1.png\",\"contentUrl\":\"https:\/\/redaccionjuvenil.es\/wp-content\/uploads\/2026\/03\/cropped-cropped-logo_redaccion_juvenil_primer_propuesta-1.png\",\"width\":723,\"height\":723,\"caption\":\"RED-ACCI\u00d3N JUVENIL\"},\"image\":{\"@id\":\"https:\/\/redaccionjuvenil.es\/#\/schema\/logo\/image\/\"}}]}<\/script>\n<!-- \/ Yoast SEO plugin. -->","yoast_head_json":{"title":"Movimiento Scout Cat\u00f3lico (MSC Scouts) - RED-ACCI\u00d3N JUVENIL","robots":{"index":"index","follow":"follow","max-snippet":"max-snippet:-1","max-image-preview":"max-image-preview:large","max-video-preview":"max-video-preview:-1"},"canonical":"https:\/\/redaccionjuvenil.es\/?page_id=325","og_locale":"es_ES","og_type":"article","og_title":"Movimiento Scout Cat\u00f3lico (MSC Scouts) - RED-ACCI\u00d3N JUVENIL","og_description":"MSC Scouts es una organizaci\u00f3n dedicada al escultismo cat\u00f3lico que busca en la infancia y juventud ser los protagonistas de su propio desarrollo y que busca, a trav\u00e9s del compromiso,...","og_url":"https:\/\/redaccionjuvenil.es\/?page_id=325","og_site_name":"RED-ACCI\u00d3N JUVENIL","article_modified_time":"2026-03-12T08:58:45+00:00","og_image":[{"width":429,"height":420,"url":"https:\/\/redaccionjuvenil.es\/wp-content\/uploads\/2026\/03\/scouts-2-1.png","type":"image\/png"}],"twitter_card":"summary_large_image","twitter_misc":{"Tiempo de lectura":"2 minutos"},"schema":{"@context":"https:\/\/schema.org","@graph":[{"@type":"WebPage","@id":"https:\/\/redaccionjuvenil.es\/?page_id=325","url":"https:\/\/redaccionjuvenil.es\/?page_id=325","name":"Movimiento Scout Cat\u00f3lico (MSC Scouts) - RED-ACCI\u00d3N JUVENIL","isPartOf":{"@id":"https:\/\/redaccionjuvenil.es\/#website"},"primaryImageOfPage":{"@id":"https:\/\/redaccionjuvenil.es\/?page_id=325#primaryimage"},"image":{"@id":"https:\/\/redaccionjuvenil.es\/?page_id=325#primaryimage"},"thumbnailUrl":"https:\/\/redaccionjuvenil.es\/wp-content\/uploads\/2026\/03\/scouts-2-1.png","datePublished":"2026-03-04T09:30:49+00:00","dateModified":"2026-03-12T08:58:45+00:00","breadcrumb":{"@id":"https:\/\/redaccionjuvenil.es\/?page_id=325#breadcrumb"},"inLanguage":"es","potentialAction":[{"@type":"ReadAction","target":["https:\/\/redaccionjuvenil.es\/?page_id=325"]}]},{"@type":"ImageObject","inLanguage":"es","@id":"https:\/\/redaccionjuvenil.es\/?page_id=325#primaryimage","url":"https:\/\/redaccionjuvenil.es\/wp-content\/uploads\/2026\/03\/scouts-2-1.png","contentUrl":"https:\/\/redaccionjuvenil.es\/wp-content\/uploads\/2026\/03\/scouts-2-1.png","width":429,"height":420},{"@type":"BreadcrumbList","@id":"https:\/\/redaccionjuvenil.es\/?page_id=325#breadcrumb","itemListElement":[{"@type":"ListItem","position":1,"name":"Portada","item":"https:\/\/redaccionjuvenil.es\/"},{"@type":"ListItem","position":2,"name":"Movimiento Scout Cat\u00f3lico (MSC Scouts)"}]},{"@type":"WebSite","@id":"https:\/\/redaccionjuvenil.es\/#website","url":"https:\/\/redaccionjuvenil.es\/","name":"RED-ACCI\u00d3N JUVENIL","description":"DONDE LA JUVENTUD INFORMA Y TRANSFORMA","publisher":{"@id":"https:\/\/redaccionjuvenil.es\/#organization"},"potentialAction":[{"@type":"SearchAction","target":{"@type":"EntryPoint","urlTemplate":"https:\/\/redaccionjuvenil.es\/?s={search_term_string}"},"query-input":{"@type":"PropertyValueSpecification","valueRequired":true,"valueName":"search_term_string"}}],"inLanguage":"es"},{"@type":"Organization","@id":"https:\/\/redaccionjuvenil.es\/#organization","name":"RED-ACCI\u00d3N JUVENIL","url":"https:\/\/redaccionjuvenil.es\/","logo":{"@type":"ImageObject","inLanguage":"es","@id":"https:\/\/redaccionjuvenil.es\/#\/schema\/logo\/image\/","url":"https:\/\/redaccionjuvenil.es\/wp-content\/uploads\/2026\/03\/cropped-cropped-logo_redaccion_juvenil_primer_propuesta-1.png","contentUrl":"https:\/\/redaccionjuvenil.es\/wp-content\/uploads\/2026\/03\/cropped-cropped-logo_redaccion_juvenil_primer_propuesta-1.png","width":723,"height":723,"caption":"RED-ACCI\u00d3N JUVENIL"},"image":{"@id":"https:\/\/redaccionjuvenil.es\/#\/schema\/logo\/image\/"}}]}},"_links":{"self":[{"href":"https:\/\/redaccionjuvenil.es\/index.php?rest_route=\/wp\/v2\/pages\/325","targetHints":{"allow":["GET"]}}],"collection":[{"href":"https:\/\/redaccionjuvenil.es\/index.php?rest_route=\/wp\/v2\/pages"}],"about":[{"href":"https:\/\/redaccionjuvenil.es\/index.php?rest_route=\/wp\/v2\/types\/page"}],"author":[{"embeddable":true,"href":"https:\/\/redaccionjuvenil.es\/index.php?rest_route=\/wp\/v2\/users\/1"}],"replies":[{"embeddable":true,"href":"https:\/\/redaccionjuvenil.es\/index.php?rest_route=%2Fwp%2Fv2%2Fcomments&post=325"}],"version-history":[{"count":6,"href":"https:\/\/redaccionjuvenil.es\/index.php?rest_route=\/wp\/v2\/pages\/325\/revisions"}],"predecessor-version":[{"id":507,"href":"https:\/\/redaccionjuvenil.es\/index.php?rest_route=\/wp\/v2\/pages\/325\/revisions\/507"}],"wp:attachment":[{"href":"https:\/\/redaccionjuvenil.es\/index.php?rest_route=%2Fwp%2Fv2%2Fmedia&parent=325"}],"curies":[{"name":"wp","href":"https:\/\/api.w.org\/{rel}","templated":true}]}}